{"id":53,"date":"2025-03-04T12:00:39","date_gmt":"2025-03-04T11:00:39","guid":{"rendered":"https:\/\/www.bssf.dk\/?page_id=53"},"modified":"2025-03-04T12:00:54","modified_gmt":"2025-03-04T11:00:54","slug":"vejledning","status":"publish","type":"page","link":"https:\/\/www.bssf.dk\/index.php\/vejledning\/","title":{"rendered":"Vejledning"},"content":{"rendered":"\n<p>Hent SKV 6 ans\u00f8gningen p\u00e5&nbsp;<a href=\"https:\/\/www.skv.dk\/blanketter\/\" target=\"_blank\" rel=\"noreferrer noopener\">SKV portalens hjemmeside<\/a><\/p>\n\n\n\n<p>ALLE de markerede felter udfyldes p\u00e5 din computer. De oplysninger du skal bruge fra os er:<\/p>\n\n\n\n<ul class=\"wp-block-list\">\n<li>Skytteforeningens navn: Bjert-Stenderup Skytteforening<\/li>\n\n\n\n<li>SKV nr.: 599<\/li>\n<\/ul>\n\n\n\n<p>Derefter printer du dokumentet ud og underskriver dette i feltet:&nbsp;<em>Skyttens underskrift.<\/em><\/p>\n\n\n\n<p>Du skal nu scanne dokumentet ind, enten via en app p\u00e5 din telefon eller en scanner i din printer og n\u00e5r du s\u00e5 har en elektronisk version af dit dokument, sender du den til politiet p\u00e5 f\u00f8lgende m\u00e5de:<\/p>\n\n\n\n<p>Log ind p\u00e5&nbsp;<a href=\"https:\/\/www.borger.dk\/\" target=\"_blank\" rel=\"noreferrer noopener\">Borger.dk<\/a>&nbsp;under&nbsp;<em>Digital Post&nbsp;<\/em>med dit MitId.<\/p>\n\n\n\n<p><a><\/a><a><\/a> V\u00e6lg&nbsp;<em>Skriv ny besked<\/em>&nbsp;og v\u00e6lg modtageren&nbsp;<em>Rigspolitiet<\/em>&nbsp;og derefter kategorien&nbsp;<em>Politiets Administrative Center&nbsp;\/&nbsp;Tilladelser.<\/em><\/p>\n\n\n\n<p>Vedh\u00e6ft din ans\u00f8gning under&nbsp;<em>vedh\u00e6ft filer<\/em>&nbsp;i bunden og tryk p\u00e5<em>&nbsp;Send<\/em><\/p>\n\n\n\n<p><em>Tadaaaa<\/em><\/p>\n\n\n\n<p><br>Alle SKV-blanketter<\/p>\n\n\n\n<p>Alle SKV-blanketter kan henter her:&nbsp;<a href=\"https:\/\/www.skv.dk\/blanketter\/\">SKV-portalen.<\/a><\/p>\n\n\n\n<p>N\u00e5r du har hentet og l\u00e6st hvad SKV p\u00e5kr\u00e6ver for at behandle din ans\u00f8gning, udfylder du den\/dem digitalt, dvs. det eneste der er h\u00e5ndskrevet er datoen og din underskrift.<\/p>\n\n\n\n<p>Siden indeholder ogs\u00e5 transporttilladelser (SKV-3) og oplysningsskema (SKV-2)<\/p>\n\n\n\n<p>SKV-6 blanketten er den eneste du selv kan udfylde og afsende.<\/p>\n\n\n\n<p>Det du kan g\u00f8re:<\/p>\n\n\n\n<ul class=\"wp-block-list\">\n<li>Udfyld det p\u00e5g\u00e6ldende dokument digitalt<\/li>\n\n\n\n<li>Print dokumentet og underskriv med en kuglepen\/filtpen<\/li>\n\n\n\n<li>Scan dokumentet (med en printers scannerfunktion eller med din mobiltelefon).<\/li>\n\n\n\n<li>S\u00f8rg for at kvaliteten af det indscannede dokument er i orden.<\/li>\n\n\n\n<li>Send dokumentet til formanden til videre behandling.<\/li>\n<\/ul>\n\n\n\n<p>Ved tvivl, s\u00e5 sp\u00f8rg i klubben eller kontakt os via links\/mail-adresser\/tr\u00e5de der findes p\u00e5 hjemmesiden<\/p>\n\n\n\n<p><\/p>\n\n\n\n<h1 class=\"wp-block-heading\">Generelt for et v\u00e5ben der skal s\u00f8ges SKV p\u00e5<\/h1>\n\n\n\n<p>Skal der s\u00f8ges tilladelser til en pistol vil formanden gerne have f\u00f8lgende tilsendt:<\/p>\n\n\n\n<ul class=\"wp-block-list\">\n<li>Tydeligt billede af pistolen<\/li>\n\n\n\n<li>Tydeligt billede af pistolens numre (hvis der er flere)<\/li>\n\n\n\n<li>Et udfyldt\u00a0<a href=\"https:\/\/www.skv.dk\/blanketter\/oplysningsskema.pdf\" target=\"_blank\" rel=\"noreferrer noopener\">Oplysningsskema<\/a><\/li>\n<\/ul>\n","protected":false},"excerpt":{"rendered":"<p>Hent SKV 6 ans\u00f8gningen p\u00e5&nbsp;SKV portalens hjemmeside ALLE de markerede felter udfyldes p\u00e5 din computer. De oplysninger du skal bruge [&hellip;]<\/p>\n","protected":false},"author":1,"featured_media":0,"parent":0,"menu_order":0,"comment_status":"closed","ping_status":"closed","template":"","meta":{"site-sidebar-layout":"default","site-content-layout":"","ast-site-content-layout":"default","site-content-style":"default","site-sidebar-style":"default","ast-global-header-display":"","ast-banner-title-visibility":"","ast-main-header-display":"","ast-hfb-above-header-display":"","ast-hfb-below-header-display":"","ast-hfb-mobile-header-display":"","site-post-title":"","ast-breadcrumbs-content":"","ast-featured-img":"","footer-sml-layout":"","theme-transparent-header-meta":"","adv-header-id-meta":"","stick-header-meta":"","header-above-stick-meta":"","header-main-stick-meta":"","header-below-stick-meta":"","astra-migrate-meta-layouts":"default","ast-page-background-enabled":"default","ast-page-background-meta":{"desktop":{"background-color":"var(--ast-global-color-5)","background-image":"","background-repeat":"repeat","background-position":"center center","background-size":"auto","background-attachment":"scroll","background-type":"","background-media":"","overlay-type":"","overlay-color":"","overlay-opacity":"","overlay-gradient":""},"tablet":{"background-color":"","background-image":"","background-repeat":"repeat","background-position":"center center","background-size":"auto","background-attachment":"scroll","background-type":"","background-media":"","overlay-type":"","overlay-color":"","overlay-opacity":"","overlay-gradient":""},"mobile":{"background-color":"","background-image":"","background-repeat":"repeat","background-position":"center center","background-size":"auto","background-attachment":"scroll","background-type":"","background-media":"","overlay-type":"","overlay-color":"","overlay-opacity":"","overlay-gradient":""}},"ast-content-background-meta":{"desktop":{"background-color":"var(--ast-global-color-4)","background-image":"","background-repeat":"repeat","background-position":"center center","background-size":"auto","background-attachment":"scroll","background-type":"","background-media":"","overlay-type":"","overlay-color":"","overlay-opacity":"","overlay-gradient":""},"tablet":{"background-color":"var(--ast-global-color-4)","background-image":"","background-repeat":"repeat","background-position":"center center","background-size":"auto","background-attachment":"scroll","background-type":"","background-media":"","overlay-type":"","overlay-color":"","overlay-opacity":"","overlay-gradient":""},"mobile":{"background-color":"var(--ast-global-color-4)","background-image":"","background-repeat":"repeat","background-position":"center center","background-size":"auto","background-attachment":"scroll","background-type":"","background-media":"","overlay-type":"","overlay-color":"","overlay-opacity":"","overlay-gradient":""}},"footnotes":""},"class_list":["post-53","page","type-page","status-publish","hentry"],"jetpack_sharing_enabled":true,"_links":{"self":[{"href":"https:\/\/www.bssf.dk\/index.php\/wp-json\/wp\/v2\/pages\/53","targetHints":{"allow":["GET"]}}],"collection":[{"href":"https:\/\/www.bssf.dk\/index.php\/wp-json\/wp\/v2\/pages"}],"about":[{"href":"https:\/\/www.bssf.dk\/index.php\/wp-json\/wp\/v2\/types\/page"}],"author":[{"embeddable":true,"href":"https:\/\/www.bssf.dk\/index.php\/wp-json\/wp\/v2\/users\/1"}],"replies":[{"embeddable":true,"href":"https:\/\/www.bssf.dk\/index.php\/wp-json\/wp\/v2\/comments?post=53"}],"version-history":[{"count":2,"href":"https:\/\/www.bssf.dk\/index.php\/wp-json\/wp\/v2\/pages\/53\/revisions"}],"predecessor-version":[{"id":55,"href":"https:\/\/www.bssf.dk\/index.php\/wp-json\/wp\/v2\/pages\/53\/revisions\/55"}],"wp:attachment":[{"href":"https:\/\/www.bssf.dk\/index.php\/wp-json\/wp\/v2\/media?parent=53"}],"curies":[{"name":"wp","href":"https:\/\/api.w.org\/{rel}","templated":true}]}}